{"id":9982,"date":"2025-01-23T11:21:28","date_gmt":"2025-01-23T10:21:28","guid":{"rendered":"https:\/\/elodie-persehaie.com\/?page_id=9982"},"modified":"2026-03-08T09:56:00","modified_gmt":"2026-03-08T08:56:00","slug":"experiences","status":"publish","type":"page","link":"https:\/\/elodie-persehaie.com\/index.php\/experiences\/","title":{"rendered":"EXP\u00c9RIENCES"},"content":{"rendered":"<div data-colibri-id=\"9982-c1\" class=\"style-680 style-local-9982-c1 position-relative\">\n  <!---->\n  <div data-colibri-component=\"section\" data-colibri-id=\"9982-c2\" id=\"custom\" class=\"h-section h-section-global-spacing d-flex align-items-lg-start align-items-md-start align-items-start style-681 style-local-9982-c2 position-relative\">\n    <!---->\n    <!---->\n    <div class=\"h-section-grid-container h-section-boxed-container\">\n      <!---->\n      <div data-colibri-id=\"9982-c3\" class=\"h-row-container gutters-row-lg-2 gutters-row-md-2 gutters-row-0 gutters-row-v-lg-2 gutters-row-v-md-2 gutters-row-v-2 style-1546 style-local-9982-c3 position-relative\">\n        <!---->\n        <div class=\"h-row justify-content-lg-center justify-content-md-center justify-content-center align-items-lg-stretch align-items-md-stretch align-items-stretch gutters-col-lg-2 gutters-col-md-2 gutters-col-0 gutters-col-v-lg-2 gutters-col-v-md-2 gutters-col-v-2\">\n          <!---->\n          <div class=\"h-column h-column-container d-flex h-col-lg-auto h-col-md-auto h-col-auto style-1547-outer style-local-9982-c4-outer\">\n            <div data-colibri-id=\"9982-c4\" class=\"d-flex h-flex-basis h-column__inner h-px-lg-2 h-px-md-2 h-px-2 v-inner-lg-2 v-inner-md-2 v-inner-2 style-1547 style-local-9982-c4 position-relative\">\n              <!---->\n              <!---->\n              <div class=\"w-100 h-y-container h-column__content h-column__v-align flex-basis-100 align-self-lg-start align-self-md-start align-self-start\">\n                <!---->\n                <div data-colibri-id=\"9982-c5\" class=\"h-text h-text-component style-1548 style-local-9982-c5 position-relative h-element\">\n                  <!---->\n                  <!---->\n                  <div class=\"\">\n                    <p><strong style=\"color: rgb(5, 6, 6); font-weight: 700; font-size: 113%;\">Un parcours ancr\u00e9 dans l\u2019action<br><\/strong><strong style=\"color: rgb(5, 6, 6); font-weight: 700; font-size: 94%;\">pour des r\u00e9sultats rapides et concrets<\/strong><\/p>\n                    <p><span style=\"color: rgb(5, 6, 6); font-weight: 700; font-size: 107%;\">Cr\u00e9atrice<\/span><span style=\"color: rgb(5, 6, 6); font-weight: 600;\"><br>du 1er incubateur de visibilit\u00e9 territoriale<\/span><\/p>\n                    <p><span style=\"color: rgb(5, 6, 6); font-weight: 700; font-size: 107%;\">Fondatrice et dirigeante<\/span><span style=\"color: rgb(5, 6, 6); font-weight: 600;\"><br>d\u2019un tiers-lieu &amp; \u00e9colieu urbain<\/span><\/p>\n                    <p><span style=\"color: rgb(5, 6, 6); font-weight: 700; font-size: 107%;\">Organisatrice<\/span><span style=\"color: rgb(5, 6, 6); font-weight: 600;\"><br>+300 \u00e9v\u00e9nements strat\u00e9giques con\u00e7us et pilot\u00e9s<\/span><\/p>\n                    <p><span style=\"color: rgb(5, 6, 6); font-weight: 700; font-size: 107%;\">Coach<\/span><span style=\"color: rgb(5, 6, 6); font-weight: 600;\"><br>+250 porteurs de projets accompagn\u00e9s<\/span><\/p>\n                    <p><span style=\"color: rgb(5, 6, 6); font-weight: 700; font-size: 107%;\">Directrice<\/span><span style=\"color: rgb(5, 6, 6); font-weight: 600;\"><br>de dispositifs collectifs territoriaux<\/span><\/p>\n                    <p><strong style=\"color: rgb(5, 6, 6); font-size: 107%; font-weight: 700;\">Intervenante<\/strong><span style=\"color: rgb(5, 6, 6); font-weight: 600;\"><br>structures acad\u00e9miques &amp; institutionnelles<\/span><span style=\"color: rgb(5, 6, 6);\"><br><\/span><\/p>\n                  <\/div>\n                <\/div>\n              <\/div>\n            <\/div>\n          <\/div>\n        <\/div>\n      <\/div>\n      <div data-colibri-id=\"9982-c6\" class=\"h-row-container gutters-row-lg-2 gutters-row-md-2 gutters-row-0 gutters-row-v-lg-2 gutters-row-v-md-2 gutters-row-v-2 style-1549 style-local-9982-c6 position-relative\">\n        <!---->\n        <div class=\"h-row justify-content-lg-center justify-content-md-center justify-content-center align-items-lg-stretch align-items-md-stretch align-items-stretch gutters-col-lg-2 gutters-col-md-2 gutters-col-0 gutters-col-v-lg-2 gutters-col-v-md-2 gutters-col-v-2\">\n          <!---->\n          <div class=\"h-column h-column-container d-flex h-col-lg-auto h-col-md-auto h-col-auto style-1550-outer style-local-9982-c7-outer\">\n            <div data-colibri-id=\"9982-c7\" class=\"d-flex h-flex-basis h-column__inner h-px-lg-2 h-px-md-2 h-px-2 v-inner-lg-2 v-inner-md-2 v-inner-2 style-1550 style-local-9982-c7 position-relative\">\n              <!---->\n              <!---->\n              <div class=\"w-100 h-y-container h-column__content h-column__v-align flex-basis-100 align-self-lg-start align-self-md-start align-self-start\">\n                <!---->\n                <div data-colibri-id=\"9982-c8\" class=\"h-x-container style-1551 style-local-9982-c8 position-relative h-element\">\n                  <!---->\n                  <div class=\"h-x-container-inner style-dynamic-9982-c8-group style-1551-spacing style-local-9982-c8-spacing\"><span class=\"h-button__outer style-1552-outer style-local-9982-c9-outer d-inline-flex h-element\"><a h-use-smooth-scroll=\"true\" href=\"https:\/\/elodie-persehaie.com\/wp-content\/uploads\/2026\/03\/CV-Elodie-Persehaie-2026.pdf\"  data-colibri-id=\"9982-c9\" class=\"d-flex w-100 align-items-center h-button justify-content-lg-center justify-content-md-center justify-content-center style-1552 style-local-9982-c9 position-relative\"><!----><!----> <span>PARCOURS &amp; R\u00c9F\u00c9RENCES<\/span><\/a>\n                    <\/span><span class=\"h-button__outer style-1552-outer style-local-9982-c10-outer d-inline-flex h-element\"><a h-use-smooth-scroll=\"true\" href=\"https:\/\/elodie-persehaie.com\/index.php\/medias\/\"  data-colibri-id=\"9982-c10\" class=\"d-flex w-100 align-items-center h-button justify-content-lg-center justify-content-md-center justify-content-center style-1552 style-local-9982-c10 position-relative\"><!----><!----> <span>INTERVENTIONS M\u00c9DIATIQUES<\/span><\/a>\n                    <\/span>\n                  <\/div>\n                <\/div>\n              <\/div>\n            <\/div>\n          <\/div>\n        <\/div>\n      <\/div>\n    <\/div>\n  <\/div>\n  <div data-colibri-component=\"section\" data-colibri-id=\"9982-c15\" id=\"custom-2\" class=\"h-section h-section-global-spacing d-flex align-items-lg-center align-items-md-center align-items-center style-1030 style-local-9982-c15 position-relative\">\n    <!---->\n    <!---->\n    <div class=\"h-section-grid-container h-section-boxed-container\">\n      <!---->\n      <div data-colibri-id=\"9982-c16\" class=\"h-row-container gutters-row-lg-2 gutters-row-md-2 gutters-row-0 gutters-row-v-lg-2 gutters-row-v-md-2 gutters-row-v-2 style-1033 style-local-9982-c16 position-relative\">\n        <!---->\n        <div class=\"h-row justify-content-lg-center justify-content-md-center justify-content-center align-items-lg-stretch align-items-md-stretch align-items-stretch gutters-col-lg-2 gutters-col-md-2 gutters-col-0 gutters-col-v-lg-2 gutters-col-v-md-2 gutters-col-v-2\">\n          <!---->\n          <div class=\"h-column h-column-container d-flex h-col-lg-auto h-col-md-auto h-col-auto style-1034-outer style-local-9982-c17-outer\">\n            <div data-colibri-id=\"9982-c17\" class=\"d-flex h-flex-basis h-column__inner h-px-lg-2 h-px-md-2 h-px-2 v-inner-lg-2 v-inner-md-2 v-inner-2 style-1034 style-local-9982-c17 position-relative\">\n              <!---->\n              <!---->\n              <div class=\"w-100 h-y-container h-column__content h-column__v-align flex-basis-100 align-self-lg-start align-self-md-start align-self-start\">\n                <!---->\n                <div data-colibri-id=\"9982-c18\" class=\"d-flex align-items-center text-lg-center text-md-center text-center justify-content-lg-center justify-content-md-center justify-content-center style-1035 style-local-9982-c18 position-relative h-element\">\n                  <!---->\n                  <a rel=\"home\" href=\"https:\/\/elodie-persehaie.com\/\" h-use-smooth-scroll=\"true\" class=\"d-flex align-items-center\">\n                    <img decoding=\"async\" src=\"https:\/\/elodie-persehaie.com\/wp-content\/uploads\/2026\/02\/Elodie-Persehaie-CARRE37.jpg\" class=\"h-logo__image h-logo__image_h logo-image style-1035-image style-local-9982-c18-image\" alt=\"\" \/>\n                    <img decoding=\"async\" src=\"https:\/\/elodie-persehaie.com\/wp-content\/uploads\/2026\/01\/Elodie-Persehaie-CARRE33.jpg\" class=\"h-logo__alt-image h-logo__alt-image_h logo-alt-image style-1035-image style-local-9982-c18-image\" alt=\"\" \/>\n                  <\/a>\n                <\/div>\n              <\/div>\n            <\/div>\n          <\/div>\n        <\/div>\n      <\/div>\n    <\/div>\n  <\/div>\n<\/div>","protected":false},"excerpt":{"rendered":"<p>Un parcours ancr\u00e9 dans l\u2019actionpour des r\u00e9sultats rapides et concrets Cr\u00e9atricedu 1er incubateur de visibilit\u00e9 territoriale Fondatrice et dirigeanted\u2019un tiers-lieu &amp; \u00e9colieu urbain Organisatrice+300 \u00e9v\u00e9nements strat\u00e9giques con\u00e7us et pilot\u00e9s Coach+250 porteurs de projets accompagn\u00e9s Directricede dispositifs collectifs territoriaux Intervenantestructures acad\u00e9miques &amp; institutionnelles PARCOURS &amp; R\u00c9F\u00c9RENCES INTERVENTIONS M\u00c9DIATIQUES<\/p>\n","protected":false},"author":1,"featured_media":0,"parent":0,"menu_order":0,"comment_status":"closed","ping_status":"closed","template":"page-templates\/full-width-page.php","meta":{"footnotes":""},"class_list":["post-9982","page","type-page","status-publish","hentry"],"_links":{"self":[{"href":"https:\/\/elodie-persehaie.com\/index.php\/wp-json\/wp\/v2\/pages\/9982","targetHints":{"allow":["GET"]}}],"collection":[{"href":"https:\/\/elodie-persehaie.com\/index.php\/wp-json\/wp\/v2\/pages"}],"about":[{"href":"https:\/\/elodie-persehaie.com\/index.php\/wp-json\/wp\/v2\/types\/page"}],"author":[{"embeddable":true,"href":"https:\/\/elodie-persehaie.com\/index.php\/wp-json\/wp\/v2\/users\/1"}],"replies":[{"embeddable":true,"href":"https:\/\/elodie-persehaie.com\/index.php\/wp-json\/wp\/v2\/comments?post=9982"}],"version-history":[{"count":20,"href":"https:\/\/elodie-persehaie.com\/index.php\/wp-json\/wp\/v2\/pages\/9982\/revisions"}],"predecessor-version":[{"id":26280,"href":"https:\/\/elodie-persehaie.com\/index.php\/wp-json\/wp\/v2\/pages\/9982\/revisions\/26280"}],"wp:attachment":[{"href":"https:\/\/elodie-persehaie.com\/index.php\/wp-json\/wp\/v2\/media?parent=9982"}],"curies":[{"name":"wp","href":"https:\/\/api.w.org\/{rel}","templated":true}]}}